{"id":32,"date":"2019-05-28T20:11:29","date_gmt":"2019-05-28T18:11:29","guid":{"rendered":"https:\/\/92nicoise.fr\/index.php\/mesmerize\/"},"modified":"2025-07-06T19:53:07","modified_gmt":"2025-07-06T17:53:07","slug":"mesmerize","status":"publish","type":"page","link":"https:\/\/92nicoise.fr\/","title":{"rendered":"Accueil"},"content":{"rendered":"<div  data-label=\"Content\" data-id=\"content--2\" data-export-id=\"content-7\" data-category=\"content\" class=\"content-7 content-section content-section-spacing\" id=\"content-2\" style=\"background-color: rgb(245, 250, 253);\"><div  class=\"gridContainer\"> <div  class=\"row middle-sm\"><div  class=\"col-sm-6 space-bottom-xs\" data-type=\"column\">  <p  class=\"\">Nous commes heureux de vous convier \u00e0 notre 11\u00e8me \u00e9dition de notre jambon champ\u00eatre et vous attendons nombreux.<br >Comme d\u2019habitude, nous serons heureux de vous accueillir et partager ce moment de convivialit\u00e9.<br ><br >N\u2019h\u00e9sitez pas \u00e0 contacter votre conscrit pr\u00e9f\u00e9r\u00e9 ou bien r\u00e9servez votre place d\u00e8s maintenant en cliquant sur le lien ci-dessous.<br ><br >Conscritement votre,<\/p> <a  class=\"button blue\" href=\"https:\/\/www.billetweb.fr\/jambon-champetre-de-la-classe-92\" target=\"_blank\" data-cp-link=\"1\">R\u00e9servation en ligne<\/a><\/div> <div  class=\"col-sm-6\" data-type=\"column\"> <img  decoding=\"async\" class=\"shadow-large\" src=\"https:\/\/92nicoise.fr\/wp-content\/uploads\/2023\/05\/P1060229-scaled.jpg\" title=\"P1060229\" alt=\"\"><\/div> <\/div><\/div> <\/div><div  data-label=\"Features\" data-id=\"features--1\" data-export-id=\"features-12\" data-category=\"features\" class=\"features-12 content-section content-section-spacing \" id=\"features-1\" style=\"background-color: rgb(255, 255, 255);\"><div  class=\"gridContainer\"> <div  class=\"row text-center\"><div  class=\"section-title-col\" data-type=\"column\">  <\/div> <\/div> <div  class=\"row spaced-cols center-sm content-left-sm\" data-type=\"row\"> <div  class=\"col-sm-6\"> <div  class=\"row space-bottom\"> <div  class=\"col-sm-fit icon-column\"> <i  class=\"fa icon color2 fa-forumbee bordered round\"><\/i> <\/div> <div  class=\"col-sm\" data-type=\"column\"> <h5  class=\"color2\">AMBIANCE ASSUREE<\/h5> <\/div> <\/div><\/div> <div  class=\"col-sm-6\"><div  class=\"row space-bottom\"> <div  class=\"col-sm-fit icon-column\"><i  class=\"fa icon color2 fa-glass bordered round\"><\/i><\/div> <div  class=\"col-sm\" data-type=\"column\"><h5  class=\"color2\">BUVETTE<\/h5> <\/div> <\/div><\/div> <div  class=\"col-sm-6\"><div  class=\"row space-bottom\"> <div  class=\"col-sm-fit icon-column\"><i  class=\"fa icon color2 fa-music bordered round\"><\/i><\/div> <div  class=\"col-sm\" data-type=\"column\"><h5  class=\"color2\">SONO<\/h5> <\/div> <\/div><\/div> <div  class=\"col-sm-6\"><div  class=\"row space-bottom\"> <div  class=\"col-sm-fit icon-column\"><i  class=\"fa icon color2 fa-fire bordered round\"><\/i><\/div> <div  class=\"col-sm\" data-type=\"column\"><h5  class=\"color2\">FEU D\u2019ARTIFICE<\/h5> <\/div> <\/div><\/div> <\/div><\/div> <\/div>","protected":false},"excerpt":{"rendered":"<p>Nous commes heureux de vous convier \u00e0 notre 11\u00e8me \u00e9dition de notre jambon champ\u00eatre et vous attendons nombreux.Comme d\u2019habitude, nous serons heureux de vous accueillir et partager ce moment de convivialit\u00e9.N\u2019h\u00e9sitez pas \u00e0 contacter votre conscrit pr\u00e9f\u00e9r\u00e9 ou bien r\u00e9servez votre place d\u00e8s maintenant en cliquant sur le lien ci-dessous.Conscritement votre, R\u00e9servation en ligne AMBIANCE&hellip; <br \/> <a class=\"read-more\" href=\"https:\/\/92nicoise.fr\/\">Lire la suite<\/a><\/p>\n","protected":false},"author":1,"featured_media":0,"parent":0,"menu_order":0,"comment_status":"closed","ping_status":"closed","template":"page-templates\/homepage.php","meta":{"footnotes":""},"class_list":["post-32","page","type-page","status-publish","hentry"],"_links":{"self":[{"href":"https:\/\/92nicoise.fr\/index.php\/wp-json\/wp\/v2\/pages\/32","targetHints":{"allow":["GET"]}}],"collection":[{"href":"https:\/\/92nicoise.fr\/index.php\/wp-json\/wp\/v2\/pages"}],"about":[{"href":"https:\/\/92nicoise.fr\/index.php\/wp-json\/wp\/v2\/types\/page"}],"author":[{"embeddable":true,"href":"https:\/\/92nicoise.fr\/index.php\/wp-json\/wp\/v2\/users\/1"}],"replies":[{"embeddable":true,"href":"https:\/\/92nicoise.fr\/index.php\/wp-json\/wp\/v2\/comments?post=32"}],"version-history":[{"count":20,"href":"https:\/\/92nicoise.fr\/index.php\/wp-json\/wp\/v2\/pages\/32\/revisions"}],"predecessor-version":[{"id":129,"href":"https:\/\/92nicoise.fr\/index.php\/wp-json\/wp\/v2\/pages\/32\/revisions\/129"}],"wp:attachment":[{"href":"https:\/\/92nicoise.fr\/index.php\/wp-json\/wp\/v2\/media?parent=32"}],"curies":[{"name":"wp","href":"https:\/\/api.w.org\/{rel}","templated":true}]}}